{"id":1804,"date":"2024-12-19T17:23:04","date_gmt":"2024-12-19T17:23:04","guid":{"rendered":"https:\/\/herdadeperdigao.pt\/privacy-policy\/"},"modified":"2025-09-23T11:34:09","modified_gmt":"2025-09-23T11:34:09","slug":"privacy-policy","status":"publish","type":"page","link":"https:\/\/herdadeperdigao.pt\/en\/privacy-policy\/","title":{"rendered":"Privacy Policy"},"content":{"rendered":"\t\t<div data-elementor-type=\"wp-page\" data-elementor-id=\"1804\" class=\"elementor elementor-1804 elementor-3\">\n\t\t\t\t<div class=\"wd-negative-gap elementor-element elementor-element-4da1e65d e-flex e-con-boxed e-con e-parent\" data-id=\"4da1e65d\" data-element_type=\"container\">\n\t\t\t\t\t<div class=\"e-con-inner\">\n\t\t\t\t<div class=\"elementor-element elementor-element-762bd26b color-scheme-inherit text-left elementor-widget elementor-widget-text-editor\" data-id=\"762bd26b\" data-element_type=\"widget\" data-widget_type=\"text-editor.default\">\n\t\t\t\t<div class=\"elementor-widget-container\">\n\t\t\t\t\t\t\t\t\t<h2 data-start=\"328\" data-end=\"354\">Privacy Policy<\/h2><p data-start=\"356\" data-end=\"691\"><strong data-start=\"356\" data-end=\"418\">Herdade do Perdig\u00e3o &#8211; Explora\u00e7\u00e3o Agr\u00edcola e Vin\u00edcola, Lda.<\/strong> (hereinafter &#8220;Herdade do Perdig\u00e3o&#8221;, &#8220;We&#8221;) informs you that it protects your personal data in accordance with Regulation (EU) 2016\/679 (GDPR) and applicable national legislation, namely Law No. 58\/2019, of August 8, and other rules on the protection of personal data.<\/p><p data-start=\"693\" data-end=\"726\"><strong data-start=\"693\" data-end=\"724\">1. company identification<\/strong><\/p><ul data-start=\"727\" data-end=\"1174\"><li data-start=\"727\" data-end=\"833\"><p data-start=\"729\" data-end=\"833\">Name: Herdade do Perdig\u00e3o &#8211; Explora\u00e7\u00e3o Agr\u00edcola e Vin\u00edcola, Lda. <span class=\"\" data-state=\"closed\"><span class=\"ms-1 inline-flex max-w-full items-center relative top-[-0.094rem] animate-[show_150ms_ease-in]\" data-testid=\"webpage-citation-pill\"><a class=\"flex h-4.5 overflow-hidden rounded-xl px-2 text-[9px] font-medium transition-colors duration-150 ease-in-out text-token-text-secondary! bg-[#F4F4F4]! dark:bg-[#303030]!\" href=\"https:\/\/cm-monforte.pt\/locais\/adegas-herdade-do-perdigao\/?utm_source=chatgpt.com\" target=\"_blank\" rel=\"noopener\"><span class=\"relative start-0 bottom-0 flex h-full w-full items-center\"><span class=\"flex h-4 w-full items-center justify-between\"><span class=\"max-w-[15ch] grow truncate overflow-hidden text-center\">Municipality of Monforte<\/span><span class=\"-me-1 flex h-full items-center rounded-full px-1 text-[#8F8F8F]\">+1<\/span><\/span><\/span><\/a><\/span><\/span><\/p><\/li><li data-start=\"834\" data-end=\"949\"><p data-start=\"836\" data-end=\"949\">Address: Apartado 29, 7450-999 Monforte, Portalegre district, Portugal. <span class=\"\" data-state=\"closed\"><span class=\"ms-1 inline-flex max-w-full items-center relative top-[-0.094rem] animate-[show_150ms_ease-in]\" data-testid=\"webpage-citation-pill\"><a class=\"flex h-4.5 overflow-hidden rounded-xl px-2 text-[9px] font-medium transition-colors duration-150 ease-in-out text-token-text-secondary! bg-[#F4F4F4]! dark:bg-[#303030]!\" href=\"https:\/\/cm-monforte.pt\/locais\/adegas-herdade-do-perdigao\/?utm_source=chatgpt.com\" target=\"_blank\" rel=\"noopener\"><span class=\"relative start-0 bottom-0 flex h-full w-full items-center\"><span class=\"flex h-4 w-full items-center justify-between\"><span class=\"max-w-[15ch] grow truncate overflow-hidden text-center\">Municipality of Monforte<\/span><span class=\"-me-1 flex h-full items-center rounded-full px-1 text-[#8F8F8F]\">+1<\/span><\/span><\/span><\/a><\/span><\/span><\/p><\/li><li data-start=\"950\" data-end=\"1029\"><p data-start=\"952\" data-end=\"1029\">Telephone contact: +351 245 578 135 <span class=\"\" data-state=\"closed\"><span class=\"ms-1 inline-flex max-w-full items-center relative top-[-0.094rem] animate-[show_150ms_ease-in]\" data-testid=\"webpage-citation-pill\"><a class=\"flex h-4.5 overflow-hidden rounded-xl px-2 text-[9px] font-medium transition-colors duration-150 ease-in-out text-token-text-secondary! bg-[#F4F4F4]! dark:bg-[#303030]!\" href=\"https:\/\/cm-monforte.pt\/locais\/adegas-herdade-do-perdigao\/?utm_source=chatgpt.com\" target=\"_blank\" rel=\"noopener\"><span class=\"relative start-0 bottom-0 flex h-full w-full items-center\"><span class=\"flex h-4 w-full items-center justify-between overflow-hidden\"><span class=\"max-w-[15ch] grow truncate overflow-hidden text-center\">Municipality of Monforte<\/span><\/span><\/span><\/a><\/span><\/span><\/p><\/li><li data-start=\"1030\" data-end=\"1099\"><p data-start=\"1032\" data-end=\"1099\">Mobile phone: +351 936 910 984 <span class=\"\" data-state=\"closed\"><span class=\"ms-1 inline-flex max-w-full items-center relative top-[-0.094rem] animate-[show_150ms_ease-in]\" data-testid=\"webpage-citation-pill\"><a class=\"flex h-4.5 overflow-hidden rounded-xl px-2 text-[9px] font-medium transition-colors duration-150 ease-in-out text-token-text-secondary! bg-[#F4F4F4]! dark:bg-[#303030]!\" href=\"https:\/\/cm-monforte.pt\/locais\/adegas-herdade-do-perdigao\/?utm_source=chatgpt.com\" target=\"_blank\" rel=\"noopener\"><span class=\"relative start-0 bottom-0 flex h-full w-full items-center\"><span class=\"flex h-4 w-full items-center justify-between overflow-hidden\"><span class=\"max-w-[15ch] grow truncate overflow-hidden text-center\">Munic\u00edpio de Monforte<\/span><\/span><\/span><\/a><\/span><\/span><\/p><\/li><li data-start=\"1100\" data-end=\"1174\"><p data-start=\"1102\" data-end=\"1174\">E-mail: <a class=\"decorated-link cursor-pointer\" rel=\"noopener\" data-start=\"1110\" data-end=\"1134\">geral@herdadeperdigao.pt<\/a> <span class=\"\" data-state=\"closed\"><span class=\"ms-1 inline-flex max-w-full items-center relative top-[-0.094rem] animate-[show_150ms_ease-in]\" data-testid=\"webpage-citation-pill\"><a class=\"flex h-4.5 overflow-hidden rounded-xl px-2 text-[9px] font-medium transition-colors duration-150 ease-in-out text-token-text-secondary! bg-[#F4F4F4]! dark:bg-[#303030]!\" href=\"https:\/\/cm-monforte.pt\/locais\/adegas-herdade-do-perdigao\/?utm_source=chatgpt.com\" target=\"_blank\" rel=\"noopener\"><span class=\"relative start-0 bottom-0 flex h-full w-full items-center\"><span class=\"flex h-4 w-full items-center justify-between overflow-hidden\"><span class=\"max-w-[15ch] grow truncate overflow-hidden text-center\">Munic\u00edpio de Monforte<\/span><\/span><\/span><\/a><\/span><\/span><\/p><\/li><\/ul><p data-start=\"1176\" data-end=\"1217\"><strong data-start=\"1176\" data-end=\"1217\">2. Data We Collect and Their Purposes<\/strong><\/p><div class=\"_tableContainer_1rjym_1\"><div class=\"group _tableWrapper_1rjym_13 flex w-fit flex-col-reverse\" tabindex=\"-1\"><table class=\"w-fit min-w-(--thread-content-width)\" data-start=\"1219\" data-end=\"1961\"><thead data-start=\"1219\" data-end=\"1261\"><tr data-start=\"1219\" data-end=\"1261\"><th data-start=\"1219\" data-end=\"1235\" data-col-size=\"sm\">Data type<\/th><th data-start=\"1235\" data-end=\"1246\" data-col-size=\"md\">Examples<\/th><th data-start=\"1246\" data-end=\"1261\" data-col-size=\"lg\">Purposes<\/th><\/tr><\/thead><tbody data-start=\"1276\" data-end=\"1961\"><tr data-start=\"1276\" data-end=\"1469\"><td data-start=\"1276\" data-end=\"1301\" data-col-size=\"sm\">Identification data<\/td><td data-start=\"1301\" data-end=\"1353\" data-col-size=\"md\">name, address, email, telephone, VAT number (if applicable)<\/td><td data-start=\"1353\" data-end=\"1469\" data-col-size=\"lg\">Processing orders; issuing invoices; contacting the Customer; complying with legal tax and commercial obligations<\/td><\/tr><tr data-start=\"1470\" data-end=\"1598\"><td data-start=\"1470\" data-end=\"1491\" data-col-size=\"sm\">Payment details<\/td><td data-start=\"1491\" data-end=\"1556\" data-col-size=\"md\">card or other payment method information, if applicable<\/td><td data-start=\"1556\" data-end=\"1598\" data-col-size=\"lg\">Payment processing and security<\/td><\/tr><tr data-start=\"1599\" data-end=\"1798\"><td data-start=\"1599\" data-end=\"1631\" data-col-size=\"sm\">Navigation and technical data<\/td><td data-start=\"1631\" data-end=\"1699\" data-col-size=\"md\">IP address; cookies; access logs; site usage preferences<\/td><td data-start=\"1699\" data-end=\"1798\" data-col-size=\"lg\">Improving the functioning of the site; security; statistical analysis; marketing (with consent)<\/td><\/tr><tr data-start=\"1799\" data-end=\"1961\"><td data-start=\"1799\" data-end=\"1820\" data-col-size=\"sm\">Marketing data<\/td><td data-start=\"1820\" data-end=\"1895\" data-col-size=\"md\">consent to send newsletters, offers, promotional campaigns<\/td><td data-start=\"1895\" data-end=\"1961\" data-col-size=\"lg\">Sending promotional communications, provided that the Customer authorizes it<\/td><\/tr><\/tbody><\/table><\/div><\/div><p data-start=\"1963\" data-end=\"2049\"><strong data-start=\"1963\" data-end=\"2000\">3. Legal bases for processing<\/strong><br data-start=\"2000\" data-end=\"2003\" \/>We process your personal data on the basis of:<\/p><ul data-start=\"2050\" data-end=\"2345\"><li data-start=\"2050\" data-end=\"2086\"><p data-start=\"2052\" data-end=\"2086\">consent given by the holder;<\/p><\/li><li data-start=\"2087\" data-end=\"2145\"><p data-start=\"2089\" data-end=\"2145\">performance of a contract (e.g. the purchase of wine);<\/p><\/li><li data-start=\"2146\" data-end=\"2195\"><p data-start=\"2148\" data-end=\"2195\">Legal obligation (ex: fiscal, accounting);<\/p><\/li><li data-start=\"2196\" data-end=\"2345\"><p data-start=\"2198\" data-end=\"2345\">legitimate interests of the Seller (e.g., service improvement, security, fraud prevention), provided they do not override your rights and freedoms.<\/p><\/li><\/ul><p data-start=\"2347\" data-end=\"2681\"><strong data-start=\"2347\" data-end=\"2371\">4. Data retention<\/strong><br data-start=\"2371\" data-end=\"2374\" \/>Your data is only kept for as long as is necessary for the purposes for which it was collected (e.g. order duration, warranty fulfillment, tax obligations). After this period, the data will be deleted or anonymized, unless there is a legal obligation to retain it for longer.<\/p><p data-start=\"2683\" data-end=\"2762\"><strong data-start=\"2683\" data-end=\"2721\">5. Data subjects&#8217; rights<\/strong><br data-start=\"2721\" data-end=\"2724\" \/>You can exercise the following rights:<\/p><ul data-start=\"2763\" data-end=\"3141\"><li data-start=\"2763\" data-end=\"2806\"><p data-start=\"2765\" data-end=\"2806\">access the personal data we process;<\/p><\/li><li data-start=\"2807\" data-end=\"2853\"><p data-start=\"2809\" data-end=\"2853\">rectify incorrect or incomplete data;<\/p><\/li><li data-start=\"2854\" data-end=\"2952\"><p data-start=\"2856\" data-end=\"2952\">delete your data whenever there is no longer any need or legal basis for processing it;<\/p><\/li><li data-start=\"2953\" data-end=\"2978\"><p data-start=\"2955\" data-end=\"2978\">limit treatment;<\/p><\/li><li data-start=\"2979\" data-end=\"3047\"><p data-start=\"2981\" data-end=\"3047\">object to processing, especially for direct marketing purposes;<\/p><\/li><li data-start=\"3048\" data-end=\"3076\"><p data-start=\"3050\" data-end=\"3076\">data portability;<\/p><\/li><li data-start=\"3077\" data-end=\"3141\"><p data-start=\"3079\" data-end=\"3141\">withdraw consent, when this is the basis of the treatment.<\/p><\/li><\/ul><p data-start=\"3143\" data-end=\"3379\">To exercise your rights, contact us via <a class=\"decorated-link cursor-pointer\" rel=\"noopener\" data-start=\"42\" data-end=\"66\">geral@herdadeperdigao.pt<\/a> or any other contact we provide for this purpose. You also have the right to lodge a complaint with the National Data Protection Commission (CNPD).<\/p><p data-start=\"3381\" data-end=\"3566\"><strong data-start=\"3381\" data-end=\"3397\">6. Security<\/strong><br data-start=\"3397\" data-end=\"3400\" \/>We have implemented appropriate technical and organizational measures to protect your data against unauthorized access, loss, accidental destruction or improper disclosure.<\/p><p data-start=\"3568\" data-end=\"3945\"><strong data-start=\"3568\" data-end=\"3606\">7. Sharing data with third parties<\/strong><br data-start=\"3606\" data-end=\"3609\" \/>We may share data with service providers who help us operate (e.g. transportation companies, payment processing companies, customer support), all of whom are contractually bound to confidentiality. We do not sell or rent your personal data for marketing purposes to third parties without your explicit consent.<\/p><p data-start=\"3947\" data-end=\"4024\"><strong data-start=\"3947\" data-end=\"3985\">8. Cookies and similar technologies<\/strong><br data-start=\"3985\" data-end=\"3988\" \/>Our website uses cookies to:<\/p><ul data-start=\"4025\" data-end=\"4221\"><li data-start=\"4025\" data-end=\"4072\"><p data-start=\"4027\" data-end=\"4072\">allow it to function properly;<\/p><\/li><li data-start=\"4073\" data-end=\"4117\"><p data-start=\"4075\" data-end=\"4117\">personalize the browsing experience;<\/p><\/li><li data-start=\"4118\" data-end=\"4153\"><p data-start=\"4120\" data-end=\"4153\">perform statistical analysis;<\/p><\/li><li data-start=\"4154\" data-end=\"4221\"><p data-start=\"4156\" data-end=\"4221\">send advertising or promotional content, if you agree.<\/p><\/li><\/ul><p data-start=\"4223\" data-end=\"4353\">You can manage or refuse cookies through your browser settings or through the tools we provide on the site.<\/p><p data-start=\"4355\" data-end=\"4601\"><strong data-start=\"4355\" data-end=\"4383\">9. Changes to the Policy<\/strong><br data-start=\"4383\" data-end=\"4386\" \/>We may update this privacy policy, for example to reflect changes in the law or in our practices. Any significant changes will be posted on the website, indicating the date of the last update.<\/p><p data-start=\"4603\" data-end=\"4646\"><strong data-start=\"4603\" data-end=\"4630\">Date of last revision:<\/strong> ___ (fill in)<\/p>\t\t\t\t\t\t\t\t<\/div>\n\t\t\t\t<\/div>\n\t\t\t\t\t<\/div>\n\t\t\t\t<\/div>\n\t\t\t\t<\/div>\n\t\t","protected":false},"excerpt":{"rendered":"<p>Privacy Policy Herdade do Perdig\u00e3o &#8211; Explora\u00e7\u00e3o Agr\u00edcola e Vin\u00edcola, Lda. (hereinafter &#8220;Herdade do Perdig\u00e3o&#8221;, &#8220;We&#8221;) informs you that it<\/p>\n","protected":false},"author":1,"featured_media":0,"parent":0,"menu_order":0,"comment_status":"closed","ping_status":"open","template":"","meta":{"footnotes":""},"class_list":["post-1804","page","type-page","status-publish","hentry"],"_links":{"self":[{"href":"https:\/\/herdadeperdigao.pt\/en\/wp-json\/wp\/v2\/pages\/1804","targetHints":{"allow":["GET"]}}],"collection":[{"href":"https:\/\/herdadeperdigao.pt\/en\/wp-json\/wp\/v2\/pages"}],"about":[{"href":"https:\/\/herdadeperdigao.pt\/en\/wp-json\/wp\/v2\/types\/page"}],"author":[{"embeddable":true,"href":"https:\/\/herdadeperdigao.pt\/en\/wp-json\/wp\/v2\/users\/1"}],"replies":[{"embeddable":true,"href":"https:\/\/herdadeperdigao.pt\/en\/wp-json\/wp\/v2\/comments?post=1804"}],"version-history":[{"count":4,"href":"https:\/\/herdadeperdigao.pt\/en\/wp-json\/wp\/v2\/pages\/1804\/revisions"}],"predecessor-version":[{"id":1811,"href":"https:\/\/herdadeperdigao.pt\/en\/wp-json\/wp\/v2\/pages\/1804\/revisions\/1811"}],"wp:attachment":[{"href":"https:\/\/herdadeperdigao.pt\/en\/wp-json\/wp\/v2\/media?parent=1804"}],"curies":[{"name":"wp","href":"https:\/\/api.w.org\/{rel}","templated":true}]}}